{"id":276,"date":"2024-06-05T13:29:40","date_gmt":"2024-06-05T11:29:40","guid":{"rendered":"https:\/\/www.pharmanova.ch\/?page_id=276"},"modified":"2024-07-24T16:22:45","modified_gmt":"2024-07-24T14:22:45","slug":"declaration-de-confidentialite","status":"publish","type":"page","link":"https:\/\/www.pharmanova.ch\/fr\/declaration-de-confidentialite\/","title":{"rendered":"D\u00e9claration de confidentialit\u00e9"},"content":{"rendered":"\n\n\t<h2>Principe et champ d&rsquo;application<\/h2>\n<p>La pr\u00e9sente d\u00e9claration de confidentialit\u00e9 se rapporte au traitement des donn\u00e9es \u00e0 caract\u00e8re personnel dans le cadre de la visite des sites Web figurant \u00e0 l&rsquo;adresse www.pharmanova.ch. Afin que vous puissiez utiliser nos sites web et les services ou applications en ligne qui y sont associ\u00e9s (d\u00e9nomm\u00e9s collectivement \u00ab\u00a0services\u00a0\u00bb), nous traitons vos donn\u00e9es \u00e0 caract\u00e8re personnel (ci-apr\u00e8s \u00e9galement d\u00e9nomm\u00e9es \u00ab\u00a0donn\u00e9es\u00a0\u00bb). Veuillez noter que la pr\u00e9sente d\u00e9claration de confidentialit\u00e9 ne s&rsquo;applique pas aux sites Web d&rsquo;autres fournisseurs vers lesquels notre site Web peut \u00eatre li\u00e9.<\/p>\n<p>Les donn\u00e9es \u00e0 caract\u00e8re personnel se rapportent aux informations concernant une personne physique identifi\u00e9e ou identifiable. Certaines cat\u00e9gories de donn\u00e9es \u00e0 caract\u00e8re personnel particuli\u00e8rement sensibles, telles que les donn\u00e9es relatives \u00e0 la sant\u00e9, b\u00e9n\u00e9ficient d&rsquo;une protection particuli\u00e8re en vertu de dispositions l\u00e9gales sp\u00e9cifiques. Le terme \u00ab\u00a0traitement\u00a0\u00bb englobe l&rsquo;ensemble des processus relatifs \u00e0 vos donn\u00e9es, dont la collecte, le stockage, l&rsquo;utilisation, la transmission, l&rsquo;archivage ou la suppression. Dans le cadre du traitement des donn\u00e9es, nous respectons la loi f\u00e9d\u00e9rale allemande sur la protection des donn\u00e9es (DSG), le r\u00e8glement d&rsquo;ex\u00e9cution correspondant (RGPD), ainsi que les autres lois en vigueur sur la protection des donn\u00e9es (par exemple le r\u00e8glement g\u00e9n\u00e9ral europ\u00e9en sur la protection des donn\u00e9es, RGPD), pour autant que celles-ci soient applicables.<\/p>\n<p>Veuillez trouver ci-apr\u00e8s des informations sur les donn\u00e9es que nous collectons, sur les raisons pour lesquelles nous les utilisons et sur les droits dont vous disposez en ce qui concerne vos donn\u00e9es. Si vous nous transmettez des donn\u00e9es par le biais de tiers, nous partons du principe que vous \u00eates habilit\u00e9 \u00e0 le faire et que les donn\u00e9es transmises sont correctes. Nous vous prions donc d&rsquo;informer les tiers concern\u00e9s du traitement de leurs donn\u00e9es par nos soins et de leur remettre une copie de la pr\u00e9sente d\u00e9claration de confidentialit\u00e9 ou des informations pertinentes sur les produits. Au cas o\u00f9 nous vous communiquerions une version actualis\u00e9e de ces documents, nous vous prions de bien vouloir \u00e9galement transmettre ces nouvelles versions.<\/p>\n<p>Nos collaborateurs sont r\u00e9guli\u00e8rement form\u00e9s aux questions relatives \u00e0 la protection des donn\u00e9es et sont soumis \u00e0 l&rsquo;obligation de confidentialit\u00e9. Par ailleurs, le respect des dispositions l\u00e9gales en mati\u00e8re de protection des donn\u00e9es est contr\u00f4l\u00e9 par notre service de protection des donn\u00e9es.<\/p>\n<h2>Instances responsables et contact<\/h2>\n<p>Le responsable du traitement des donn\u00e9es d\u00e9crites dans la pr\u00e9sente d\u00e9claration de confidentialit\u00e9 est:<\/p>\nPharma Nova GmbH<br \/>\nZugerstrasse 76A<br \/>\nCH-6340 Baar\n<p>Pour toute question ou demande, \u00e0 notre \u00e9gard, relative au traitement de vos donn\u00e9es ainsi qu&rsquo;\u00e0 vos droits en mati\u00e8re de protection des donn\u00e9es, veuillez vous adresser \u00e0\u00a0:<\/p>\nPharma Nova GmbH<br \/>\nZugerstrasse 76A<br \/>\nCH-6340 Baar\n<p>E-mail : <a href=\"mailto:info@pharmanova.ch\">info@pharmanova.ch<\/a><\/p>\n<h2>Donn\u00e9es trait\u00e9es<\/h2>\n<p>Nous attachons une grande importance \u00e0 la protection de vos donn\u00e9es personnelles. Lors de l&rsquo;utilisation de notre site Web et de nos services, nous traitons en premier lieu les donn\u00e9es n\u00e9cessaires \u00e0 l&rsquo;utilisation que vous nous transmettez ainsi que les informations que nous collectons directement (voir ci-dessous).<\/p>\n<p>Lorsque vous utilisez notre site Web et nos services, nous collectons des m\u00e9tadonn\u00e9es, telles que des informations sur votre navigateur (type et version), votre type d&rsquo;appareil (par exemple, smartphone ou tablette) et votre adresse IP. Nous recueillons \u00e9galement des donn\u00e9es d&rsquo;acc\u00e8s, \u00e9galement d\u00e9nomm\u00e9es \u00ab\u00a0donn\u00e9es de protocole\u00a0\u00bb. Ces donn\u00e9es comprennent le nom du site Web consult\u00e9, la date et l&rsquo;heure de l&rsquo;acc\u00e8s, la quantit\u00e9 de donn\u00e9es transmises, la notification d&rsquo;une consultation r\u00e9ussie, des informations sur le syst\u00e8me d&rsquo;exploitation ainsi que des indications sur le dernier site Web visit\u00e9.<\/p>\n<p>Nous n&rsquo;enregistrons et ne traitons d&rsquo;autres donn\u00e9es vous concernant que si vous nous les transmettez dans le cadre de l&rsquo;utilisation de services et d&rsquo;outils (par exemple un formulaire de contact). Vous trouverez d&rsquo;autres informations sur la protection des donn\u00e9es pour des outils sp\u00e9cifiques plus loin dans la pr\u00e9sente d\u00e9claration de confidentialit\u00e9, le cas \u00e9ch\u00e9ant.<\/p>\n<h2>Objet<\/h2>\n<p>Nous traitons vos donn\u00e9es exclusivement aux fins que nous vous avons indiqu\u00e9es lors de la collecte de vos donn\u00e9es, ainsi qu&rsquo;\u00e0 d&rsquo;autres fins compatibles avec ces objectifs. Vous trouverez de plus amples informations sur les principes de base de notre traitement des donn\u00e9es dans la pr\u00e9sente d\u00e9claration de confidentialit\u00e9.<\/p>\n<h2>Traitement des donn\u00e9es<\/h2>\n<p>Nous traitons vos donn\u00e9es \u00e0 diff\u00e9rentes fins dans le cadre de la communication que nous entretenons avec vous. Cela inclut notamment la r\u00e9ponse aux demandes de renseignements, l&rsquo;exercice de vos droits et la prise de contact en cas de questions. Nous utilisons principalement les donn\u00e9es de communication et les donn\u00e9es de base, ainsi que les donn\u00e9es d&rsquo;enregistrement relatives aux offres et services que vous utilisez. Ces donn\u00e9es peuvent \u00eatre enregistr\u00e9es \u00e0 des fins de documentation, de formation, d&rsquo;assurance qualit\u00e9 et de demande de renseignements.<\/p>\n<p>Nous traitons \u00e9galement les donn\u00e9es \u00e0 des fins de marketing et de suivi de la relation client. Nous pouvons envoyer \u00e0 nos utilisateurs des informations g\u00e9n\u00e9rales ou personnalis\u00e9es sur notre offre, par exemple sous la forme de contacts irr\u00e9guliers par e-mail, courrier postal ou appel t\u00e9l\u00e9phonique, ainsi que par le biais d&rsquo;autres canaux pour lesquels nous disposons de vos coordonn\u00e9es. \u00c0 tout moment, vous avez la possibilit\u00e9 de refuser de tels contacts ou de refuser de donner votre consentement \u00e0 \u00eatre contact\u00e9 \u00e0 des fins publicitaires, ou de r\u00e9voquer celui-ci. Votre consentement nous permet de mieux cibler notre offre en ligne sur les besoins de nos utilisateurs.<\/p>\n<p>Par ailleurs, nous pouvons utiliser vos donn\u00e9es pour r\u00e9aliser des \u00e9tudes de march\u00e9, pour am\u00e9liorer notre offre en ligne, nos services et, le cas \u00e9ch\u00e9ant, pour le d\u00e9veloppement de produits.<\/p>\n<p>Enfin, nous pouvons \u00e9galement stocker et traiter vos donn\u00e9es \u00e0 des fins de s\u00e9curit\u00e9 et de contr\u00f4le d&rsquo;acc\u00e8s \u00e0 notre site Web.<\/p>\n<h2>Fichiers journaux<\/h2>\n<p>Nous utilisons principalement les donn\u00e9es pour cr\u00e9er des fichiers journaux de serveur \u00e0 des fins d&rsquo;\u00e9valuation statistique pour le fonctionnement du site Web, pour garantir la s\u00e9curit\u00e9 des syst\u00e8mes informatiques et pour optimiser le site Web. Pour ce faire, nous utilisons en priorit\u00e9 les donn\u00e9es de protocole. La base juridique de ce traitement de donn\u00e9es repose sur notre int\u00e9r\u00eat l\u00e9gitime \u00e0 vous offrir \u00e0 tout moment une exp\u00e9rience d&rsquo;utilisation s\u00fbre et sans faille. Nous nous r\u00e9servons en outre le droit de v\u00e9rifier ult\u00e9rieurement les donn\u00e9es de protocole s&rsquo;il existe des indices concrets d&rsquo;une utilisation ill\u00e9gale.<\/p>\n<h2>Formulaire de contact<\/h2>\n<p>Si vous nous contactez via le formulaire de contact, nous collectons vos coordonn\u00e9es afin de traiter votre demande et de r\u00e9pondre \u00e0 d&rsquo;\u00e9ventuelles questions. La transmission de ces donn\u00e9es a lieu sous forme crypt\u00e9e.<\/p>\n<p>Si vous nous avez communiqu\u00e9 votre adresse e-mail ou si vous nous avez contact\u00e9s directement par e-mail, nous pouvons \u00e9galement vous envoyer des informations par e-mail en rapport avec le traitement de vos demandes et questions.<\/p>\n<p>La base juridique du traitement de vos donn\u00e9es repose sur notre int\u00e9r\u00eat l\u00e9gitime \u00e0 pouvoir traiter votre demande en ligne de mani\u00e8re performante et efficace. Si l&rsquo;objectif du contact par e-mail est la conclusion d&rsquo;un contrat, le traitement des donn\u00e9es est bas\u00e9 sur la mise en place de cette relation contractuelle.<\/p>\n<h2>Vos droits<\/h2>\n<p>Conform\u00e9ment \u00e0 la l\u00e9gislation applicable en mati\u00e8re de protection des donn\u00e9es et aux dispositions en vigueur en mati\u00e8re de protection des donn\u00e9es, vous disposez, sous certaines conditions, des droits suivants :<\/p>\n<p>Droit \u00e0 l&rsquo;information : Vous \u00eates en droit de nous demander si nous traitons vos donn\u00e9es personnelles et, le cas \u00e9ch\u00e9ant, de quelles donn\u00e9es il s&rsquo;agit.<\/p>\n<p>Droit de rectification : Vous pouvez exiger que nous corrigions les donn\u00e9es erron\u00e9es ou que nous compl\u00e9tions les donn\u00e9es incompl\u00e8tes.<\/p>\n<p>Droit \u00e0 la suppression : Vous pouvez exiger la suppression de vos donn\u00e9es. Notez toutefois que certaines dispositions l\u00e9gales ou int\u00e9r\u00eats l\u00e9gitimes sont susceptibles de limiter notre obligation de suppression.<\/p>\n<p>Droit \u00e0 la portabilit\u00e9 des donn\u00e9es : Dans certaines conditions, vous pouvez exiger que nous mettions \u00e0 votre disposition les donn\u00e9es que vous nous avez fournies dans un format structur\u00e9, couramment utilis\u00e9 et lisible par machine.<\/p>\n<p>Droit de r\u00e9vocation du consentement : Si le traitement des donn\u00e9es repose sur votre consentement, vous \u00eates en droit de retirer ce consentement \u00e0 tout moment. Veuillez noter que la r\u00e9vocation n&rsquo;affecte pas la l\u00e9galit\u00e9 du traitement des donn\u00e9es effectu\u00e9 jusqu&rsquo;\u00e0 la r\u00e9vocation.<\/p>\n<p>Droit d&rsquo;opposition : Dans certaines circonstances, vous \u00eates en droit de vous opposer au traitement de vos donn\u00e9es, notamment \u00e0 des fins de marketing direct ou en cas d&rsquo;int\u00e9r\u00eats l\u00e9gitimes.<\/p>\n<p>Droit de recours : Si vous n&rsquo;\u00eates pas d&rsquo;accord avec la mani\u00e8re dont nous traitons vos donn\u00e9es, vous \u00eates en droit de vous adresser \u00e0 notre responsable de la protection des donn\u00e9es ou \u00e0 l&rsquo;autorit\u00e9 de surveillance comp\u00e9tente en mati\u00e8re de protection des donn\u00e9es sur le site Web edoeb.admin.ch.<\/p>\n<p>Veuillez noter que ces droits sont soumis \u00e0 des conditions l\u00e9gales et que des exceptions et des limitations sont susceptibles de s&rsquo;appliquer. Pour faire valoir vos droits, vous pouvez nous contacter par \u00e9crit ou par e-mail \u00e0 l&rsquo;adresse ci-dessous.<\/p>\nPharma Nova GmbH<br \/>\nZugerstrasse 76A<br \/>\nCH-6340 Baar\n<p>E-mail : <a href=\"mailto:info@pharmanova.ch\">info@pharmanova.ch<\/a><\/p>\n<h2>SSL<\/h2>\n<p>Du fait de la structure technique d&rsquo;Internet en tant que r\u00e9seau ouvert, une transmission s\u00e9curis\u00e9e de vos donn\u00e9es ne peut pas \u00eatre garantie en toutes circonstances.<\/p>\n<p>Lorsque vous nous envoyez vos donn\u00e9es personnelles, vous le faites toujours \u00e0 vos propres risques.<\/p>\n<p>Afin de garantir la protection des donn\u00e9es que vous nous transmettez, nous utilisons des m\u00e9canismes de cryptage conformes aux normes de s\u00e9curit\u00e9 actuelles (Transport Layer Security, TLS). TLS est un protocole de transmission s\u00e9curis\u00e9e des donn\u00e9es sur Internet, pris en charge par la plupart des navigateurs. Il repose sur la m\u00e9thode de la cl\u00e9 publique, dans laquelle les donn\u00e9es sont crypt\u00e9es \u00e0 l&rsquo;aide d&rsquo;une cl\u00e9 accessible au public et ne peuvent \u00eatre d\u00e9crypt\u00e9es qu&rsquo;\u00e0 l&rsquo;aide d&rsquo;une cl\u00e9 priv\u00e9e sp\u00e9ci\ufb01que. La plupart des navigateurs indiquent au moyen d&rsquo;une ic\u00f4ne de cl\u00e9 ou d&rsquo;un cadenas si une connexion est s\u00e9curis\u00e9e ou non.<\/p>\n<p>Nous prenons diverses mesures de s\u00e9curit\u00e9 techniques et organisationnelles afin de garantir la protection de vos donn\u00e9es au sein de notre syst\u00e8me. Nous attirons toutefois votre attention sur le fait que, malgr\u00e9 ces mesures, il existe un risque de perte de donn\u00e9es, d&rsquo;acc\u00e8s non autoris\u00e9 aux donn\u00e9es ou de manipulation de celles-ci par des tiers. Veuillez \u00e9galement noter que certaines parties du r\u00e9seau et votre ordinateur se trouvent hors de notre zone de s\u00e9curit\u00e9 contr\u00f4lable. En tant qu&rsquo;utilisateur, il vous incombe de vous informer sur les mesures de s\u00e9curit\u00e9 requises et de prendre les mesures n\u00e9cessaires relevant de votre domaine d&rsquo;influence. Nous d\u00e9clinons toute responsabilit\u00e9 pour les dommages que vous pourriez subir suite \u00e0 la perte ou \u00e0 la manipulation de donn\u00e9es.<\/p>\n<h2>Conservation des donn\u00e9es<\/h2>\n<p>Nous ne conservons vos donn\u00e9es qu&rsquo;aussi longtemps que cela est n\u00e9cessaire aux fins que nous avons indiqu\u00e9es ou que nous sommes tenus de le faire en vertu de la loi ou d&rsquo;un contrat. Les donn\u00e9es qui ne sont plus n\u00e9cessaires aux fins mentionn\u00e9es seront supprim\u00e9es ou anonymis\u00e9es dans le cadre de notre politique de conservation des donn\u00e9es.<\/p>\n<h2>Mise \u00e0 jour<\/h2>\n<p>La pr\u00e9sente d\u00e9claration de confidentialit\u00e9 ne fait pas partie du contrat et est susceptible d&rsquo;\u00eatre modifi\u00e9e \u00e0 tout moment par nos soins. La version publi\u00e9e ici pr\u00e9vaut.<\/p>\n<p>Derni\u00e8re actualisation effectu\u00e9e le 1er juillet 2024<\/p>\n\n","protected":false},"excerpt":{"rendered":"<p>Principe et champ d&rsquo;application La pr\u00e9sente d\u00e9claration de confidentialit\u00e9 se rapporte au traitement des donn\u00e9es \u00e0 caract\u00e8re personnel dans le cadre de la visite des sites Web figurant \u00e0 l&rsquo;adresse www.pharmanova.ch. Afin que vous puissiez utiliser nos sites web et les services ou applications en ligne qui y sont associ\u00e9s (d\u00e9nomm\u00e9s collectivement \u00ab\u00a0services\u00a0\u00bb), nous traitons&hellip;<\/p>\n","protected":false},"author":1,"featured_media":0,"parent":0,"menu_order":0,"comment_status":"closed","ping_status":"open","template":"","meta":{"footnotes":""},"class_list":["post-276","page","type-page","status-publish","hentry"],"yoast_head":"<!-- This site is optimized with the Yoast SEO plugin v24.6 - https:\/\/yoast.com\/wordpress\/plugins\/seo\/ -->\n<title>D\u00e9claration de confidentialit\u00e9 - Pharma Nova Global Pharmaceuticals<\/title>\n<meta name=\"robots\" content=\"index, follow, max-snippet:-1, max-image-preview:large, max-video-preview:-1\" \/>\n<link rel=\"canonical\" href=\"https:\/\/www.pharmanova.ch\/fr\/declaration-de-confidentialite\/\" \/>\n<meta property=\"og:locale\" content=\"fr_FR\" \/>\n<meta property=\"og:type\" content=\"article\" \/>\n<meta property=\"og:title\" content=\"D\u00e9claration de confidentialit\u00e9 - Pharma Nova Global Pharmaceuticals\" \/>\n<meta property=\"og:description\" content=\"Principe et champ d&rsquo;application La pr\u00e9sente d\u00e9claration de confidentialit\u00e9 se rapporte au traitement des donn\u00e9es \u00e0 caract\u00e8re personnel dans le cadre de la visite des sites Web figurant \u00e0 l&rsquo;adresse www.pharmanova.ch. Afin que vous puissiez utiliser nos sites web et les services ou applications en ligne qui y sont associ\u00e9s (d\u00e9nomm\u00e9s collectivement \u00ab\u00a0services\u00a0\u00bb), nous traitons&hellip;\" \/>\n<meta property=\"og:url\" content=\"https:\/\/www.pharmanova.ch\/fr\/declaration-de-confidentialite\/\" \/>\n<meta property=\"og:site_name\" content=\"Pharma Nova Global Pharmaceuticals\" \/>\n<meta property=\"article:modified_time\" content=\"2024-07-24T14:22:45+00:00\" \/>\n<meta name=\"twitter:card\" content=\"summary_large_image\" \/>\n<meta name=\"twitter:label1\" content=\"Dur\u00e9e de lecture estim\u00e9e\" \/>\n\t<meta name=\"twitter:data1\" content=\"1 minute\" \/>\n<script type=\"application\/ld+json\" class=\"yoast-schema-graph\">{\"@context\":\"https:\/\/schema.org\",\"@graph\":[{\"@type\":\"WebPage\",\"@id\":\"https:\/\/www.pharmanova.ch\/fr\/declaration-de-confidentialite\/\",\"url\":\"https:\/\/www.pharmanova.ch\/fr\/declaration-de-confidentialite\/\",\"name\":\"D\u00e9claration de confidentialit\u00e9 - Pharma Nova Global Pharmaceuticals\",\"isPartOf\":{\"@id\":\"https:\/\/www.pharmanova.ch\/fr\/#website\"},\"datePublished\":\"2024-06-05T11:29:40+00:00\",\"dateModified\":\"2024-07-24T14:22:45+00:00\",\"breadcrumb\":{\"@id\":\"https:\/\/www.pharmanova.ch\/fr\/declaration-de-confidentialite\/#breadcrumb\"},\"inLanguage\":\"fr-FR\",\"potentialAction\":[{\"@type\":\"ReadAction\",\"target\":[\"https:\/\/www.pharmanova.ch\/fr\/declaration-de-confidentialite\/\"]}]},{\"@type\":\"BreadcrumbList\",\"@id\":\"https:\/\/www.pharmanova.ch\/fr\/declaration-de-confidentialite\/#breadcrumb\",\"itemListElement\":[{\"@type\":\"ListItem\",\"position\":1,\"name\":\"Startseite\",\"item\":\"https:\/\/www.pharmanova.ch\/fr\/\"},{\"@type\":\"ListItem\",\"position\":2,\"name\":\"D\u00e9claration de confidentialit\u00e9\"}]},{\"@type\":\"WebSite\",\"@id\":\"https:\/\/www.pharmanova.ch\/fr\/#website\",\"url\":\"https:\/\/www.pharmanova.ch\/fr\/\",\"name\":\"Pharma Nova Global Pharmaceuticals\",\"description\":\"\",\"publisher\":{\"@id\":\"https:\/\/www.pharmanova.ch\/fr\/#organization\"},\"potentialAction\":[{\"@type\":\"SearchAction\",\"target\":{\"@type\":\"EntryPoint\",\"urlTemplate\":\"https:\/\/www.pharmanova.ch\/fr\/?s={search_term_string}\"},\"query-input\":{\"@type\":\"PropertyValueSpecification\",\"valueRequired\":true,\"valueName\":\"search_term_string\"}}],\"inLanguage\":\"fr-FR\"},{\"@type\":\"Organization\",\"@id\":\"https:\/\/www.pharmanova.ch\/fr\/#organization\",\"name\":\"Pharma Nova Global Pharmaceuticals\",\"url\":\"https:\/\/www.pharmanova.ch\/fr\/\",\"logo\":{\"@type\":\"ImageObject\",\"inLanguage\":\"fr-FR\",\"@id\":\"https:\/\/www.pharmanova.ch\/fr\/#\/schema\/logo\/image\/\",\"url\":\"https:\/\/www.pharmanova.ch\/wp-content\/uploads\/2024\/06\/Logo_PHARMA-NOVA.svg\",\"contentUrl\":\"https:\/\/www.pharmanova.ch\/wp-content\/uploads\/2024\/06\/Logo_PHARMA-NOVA.svg\",\"width\":178,\"height\":28,\"caption\":\"Pharma Nova Global Pharmaceuticals\"},\"image\":{\"@id\":\"https:\/\/www.pharmanova.ch\/fr\/#\/schema\/logo\/image\/\"}}]}<\/script>\n<!-- \/ Yoast SEO plugin. -->","yoast_head_json":{"title":"D\u00e9claration de confidentialit\u00e9 - Pharma Nova Global Pharmaceuticals","robots":{"index":"index","follow":"follow","max-snippet":"max-snippet:-1","max-image-preview":"max-image-preview:large","max-video-preview":"max-video-preview:-1"},"canonical":"https:\/\/www.pharmanova.ch\/fr\/declaration-de-confidentialite\/","og_locale":"fr_FR","og_type":"article","og_title":"D\u00e9claration de confidentialit\u00e9 - Pharma Nova Global Pharmaceuticals","og_description":"Principe et champ d&rsquo;application La pr\u00e9sente d\u00e9claration de confidentialit\u00e9 se rapporte au traitement des donn\u00e9es \u00e0 caract\u00e8re personnel dans le cadre de la visite des sites Web figurant \u00e0 l&rsquo;adresse www.pharmanova.ch. Afin que vous puissiez utiliser nos sites web et les services ou applications en ligne qui y sont associ\u00e9s (d\u00e9nomm\u00e9s collectivement \u00ab\u00a0services\u00a0\u00bb), nous traitons&hellip;","og_url":"https:\/\/www.pharmanova.ch\/fr\/declaration-de-confidentialite\/","og_site_name":"Pharma Nova Global Pharmaceuticals","article_modified_time":"2024-07-24T14:22:45+00:00","twitter_card":"summary_large_image","twitter_misc":{"Dur\u00e9e de lecture estim\u00e9e":"1 minute"},"schema":{"@context":"https:\/\/schema.org","@graph":[{"@type":"WebPage","@id":"https:\/\/www.pharmanova.ch\/fr\/declaration-de-confidentialite\/","url":"https:\/\/www.pharmanova.ch\/fr\/declaration-de-confidentialite\/","name":"D\u00e9claration de confidentialit\u00e9 - Pharma Nova Global Pharmaceuticals","isPartOf":{"@id":"https:\/\/www.pharmanova.ch\/fr\/#website"},"datePublished":"2024-06-05T11:29:40+00:00","dateModified":"2024-07-24T14:22:45+00:00","breadcrumb":{"@id":"https:\/\/www.pharmanova.ch\/fr\/declaration-de-confidentialite\/#breadcrumb"},"inLanguage":"fr-FR","potentialAction":[{"@type":"ReadAction","target":["https:\/\/www.pharmanova.ch\/fr\/declaration-de-confidentialite\/"]}]},{"@type":"BreadcrumbList","@id":"https:\/\/www.pharmanova.ch\/fr\/declaration-de-confidentialite\/#breadcrumb","itemListElement":[{"@type":"ListItem","position":1,"name":"Startseite","item":"https:\/\/www.pharmanova.ch\/fr\/"},{"@type":"ListItem","position":2,"name":"D\u00e9claration de confidentialit\u00e9"}]},{"@type":"WebSite","@id":"https:\/\/www.pharmanova.ch\/fr\/#website","url":"https:\/\/www.pharmanova.ch\/fr\/","name":"Pharma Nova Global Pharmaceuticals","description":"","publisher":{"@id":"https:\/\/www.pharmanova.ch\/fr\/#organization"},"potentialAction":[{"@type":"SearchAction","target":{"@type":"EntryPoint","urlTemplate":"https:\/\/www.pharmanova.ch\/fr\/?s={search_term_string}"},"query-input":{"@type":"PropertyValueSpecification","valueRequired":true,"valueName":"search_term_string"}}],"inLanguage":"fr-FR"},{"@type":"Organization","@id":"https:\/\/www.pharmanova.ch\/fr\/#organization","name":"Pharma Nova Global Pharmaceuticals","url":"https:\/\/www.pharmanova.ch\/fr\/","logo":{"@type":"ImageObject","inLanguage":"fr-FR","@id":"https:\/\/www.pharmanova.ch\/fr\/#\/schema\/logo\/image\/","url":"https:\/\/www.pharmanova.ch\/wp-content\/uploads\/2024\/06\/Logo_PHARMA-NOVA.svg","contentUrl":"https:\/\/www.pharmanova.ch\/wp-content\/uploads\/2024\/06\/Logo_PHARMA-NOVA.svg","width":178,"height":28,"caption":"Pharma Nova Global Pharmaceuticals"},"image":{"@id":"https:\/\/www.pharmanova.ch\/fr\/#\/schema\/logo\/image\/"}}]}},"_links":{"self":[{"href":"https:\/\/www.pharmanova.ch\/fr\/wp-json\/wp\/v2\/pages\/276","targetHints":{"allow":["GET"]}}],"collection":[{"href":"https:\/\/www.pharmanova.ch\/fr\/wp-json\/wp\/v2\/pages"}],"about":[{"href":"https:\/\/www.pharmanova.ch\/fr\/wp-json\/wp\/v2\/types\/page"}],"author":[{"embeddable":true,"href":"https:\/\/www.pharmanova.ch\/fr\/wp-json\/wp\/v2\/users\/1"}],"replies":[{"embeddable":true,"href":"https:\/\/www.pharmanova.ch\/fr\/wp-json\/wp\/v2\/comments?post=276"}],"version-history":[{"count":3,"href":"https:\/\/www.pharmanova.ch\/fr\/wp-json\/wp\/v2\/pages\/276\/revisions"}],"predecessor-version":[{"id":513,"href":"https:\/\/www.pharmanova.ch\/fr\/wp-json\/wp\/v2\/pages\/276\/revisions\/513"}],"wp:attachment":[{"href":"https:\/\/www.pharmanova.ch\/fr\/wp-json\/wp\/v2\/media?parent=276"}],"curies":[{"name":"wp","href":"https:\/\/api.w.org\/{rel}","templated":true}]}}