{"id":278,"date":"2024-06-05T13:41:46","date_gmt":"2024-06-05T11:41:46","guid":{"rendered":"https:\/\/www.pharmanova.ch\/?page_id=278"},"modified":"2024-07-29T17:12:52","modified_gmt":"2024-07-29T15:12:52","slug":"mentions-legales","status":"publish","type":"page","link":"https:\/\/www.pharmanova.ch\/fr\/mentions-legales\/","title":{"rendered":"Mentions l\u00e9gales"},"content":{"rendered":"\n\n\tPHARMA NOVA GmbH<br \/>\nZugerstrasse 76\u2009a<br \/>\nCH-6340 Baar<br \/>\nT +41 41 51 10-556<br \/>\nF +41 41 51 10-557<br \/>\n<a href=\"mailto:info@pharmanova.ch\">info@pharmanova.ch<\/a>\nSi\u00e8ge social : Baar<br \/>\nOffice du registre du commerce : Zoug<br \/>\nIDE CHE-112.248.961\n<strong>Directeur g\u00e9n\u00e9ral :<\/strong><br \/>\nDr. Peter Capitaine\n<strong>Clause de non-responsabilit\u00e9 :<\/strong><br \/>\nNous ne pouvons pas garantir que toutes les informations soient \u00e0 tout moment compl\u00e8tes, exactes et \u00e0 jour. Toutes les informations peuvent \u00eatre compl\u00e9t\u00e9es, supprim\u00e9es ou modifi\u00e9es sans pr\u00e9avis. Tous les noms de produits, d\u00e9signations de produits et logos mentionn\u00e9s sur ce site Internet sont des marques d\u00e9pos\u00e9es et la propri\u00e9t\u00e9 de leurs d\u00e9tenteurs respectifs.\n\n","protected":false},"excerpt":{"rendered":"<p>PHARMA NOVA GmbH Zugerstrasse 76\u2009a CH-6340 Baar T +41 41 51 10-556 F +41 41 51 10-557 info@pharmanova.ch Si\u00e8ge social : Baar Office du registre du commerce : Zoug IDE CHE-112.248.961 Directeur g\u00e9n\u00e9ral : Dr. Peter Capitaine Clause de non-responsabilit\u00e9 : Nous ne pouvons pas garantir que toutes les informations soient \u00e0 tout moment compl\u00e8tes,&hellip;<\/p>\n","protected":false},"author":1,"featured_media":0,"parent":0,"menu_order":0,"comment_status":"closed","ping_status":"closed","template":"","meta":{"footnotes":""},"class_list":["post-278","page","type-page","status-publish","hentry"],"yoast_head":"<!-- This site is optimized with the Yoast SEO plugin v24.6 - https:\/\/yoast.com\/wordpress\/plugins\/seo\/ -->\n<title>Mentions l\u00e9gales - Pharma Nova Global Pharmaceuticals<\/title>\n<meta name=\"robots\" content=\"index, follow, max-snippet:-1, max-image-preview:large, max-video-preview:-1\" \/>\n<link rel=\"canonical\" href=\"https:\/\/www.pharmanova.ch\/fr\/mentions-legales\/\" \/>\n<meta property=\"og:locale\" content=\"fr_FR\" \/>\n<meta property=\"og:type\" content=\"article\" \/>\n<meta property=\"og:title\" content=\"Mentions l\u00e9gales - Pharma Nova Global Pharmaceuticals\" \/>\n<meta property=\"og:description\" content=\"PHARMA NOVA GmbH Zugerstrasse 76\u2009a CH-6340 Baar T +41 41 51 10-556 F +41 41 51 10-557 info@pharmanova.ch Si\u00e8ge social : Baar Office du registre du commerce : Zoug IDE CHE-112.248.961 Directeur g\u00e9n\u00e9ral : Dr. Peter Capitaine Clause de non-responsabilit\u00e9 : Nous ne pouvons pas garantir que toutes les informations soient \u00e0 tout moment compl\u00e8tes,&hellip;\" \/>\n<meta property=\"og:url\" content=\"https:\/\/www.pharmanova.ch\/fr\/mentions-legales\/\" \/>\n<meta property=\"og:site_name\" content=\"Pharma Nova Global Pharmaceuticals\" \/>\n<meta property=\"article:modified_time\" content=\"2024-07-29T15:12:52+00:00\" \/>\n<meta name=\"twitter:card\" content=\"summary_large_image\" \/>\n<meta name=\"twitter:label1\" content=\"Dur\u00e9e de lecture estim\u00e9e\" \/>\n\t<meta name=\"twitter:data1\" content=\"1 minute\" \/>\n<script type=\"application\/ld+json\" class=\"yoast-schema-graph\">{\"@context\":\"https:\/\/schema.org\",\"@graph\":[{\"@type\":\"WebPage\",\"@id\":\"https:\/\/www.pharmanova.ch\/fr\/mentions-legales\/\",\"url\":\"https:\/\/www.pharmanova.ch\/fr\/mentions-legales\/\",\"name\":\"Mentions l\u00e9gales - Pharma Nova Global Pharmaceuticals\",\"isPartOf\":{\"@id\":\"https:\/\/www.pharmanova.ch\/fr\/#website\"},\"datePublished\":\"2024-06-05T11:41:46+00:00\",\"dateModified\":\"2024-07-29T15:12:52+00:00\",\"breadcrumb\":{\"@id\":\"https:\/\/www.pharmanova.ch\/fr\/mentions-legales\/#breadcrumb\"},\"inLanguage\":\"fr-FR\",\"potentialAction\":[{\"@type\":\"ReadAction\",\"target\":[\"https:\/\/www.pharmanova.ch\/fr\/mentions-legales\/\"]}]},{\"@type\":\"BreadcrumbList\",\"@id\":\"https:\/\/www.pharmanova.ch\/fr\/mentions-legales\/#breadcrumb\",\"itemListElement\":[{\"@type\":\"ListItem\",\"position\":1,\"name\":\"Startseite\",\"item\":\"https:\/\/www.pharmanova.ch\/fr\/\"},{\"@type\":\"ListItem\",\"position\":2,\"name\":\"Mentions l\u00e9gales\"}]},{\"@type\":\"WebSite\",\"@id\":\"https:\/\/www.pharmanova.ch\/fr\/#website\",\"url\":\"https:\/\/www.pharmanova.ch\/fr\/\",\"name\":\"Pharma Nova Global Pharmaceuticals\",\"description\":\"\",\"publisher\":{\"@id\":\"https:\/\/www.pharmanova.ch\/fr\/#organization\"},\"potentialAction\":[{\"@type\":\"SearchAction\",\"target\":{\"@type\":\"EntryPoint\",\"urlTemplate\":\"https:\/\/www.pharmanova.ch\/fr\/?s={search_term_string}\"},\"query-input\":{\"@type\":\"PropertyValueSpecification\",\"valueRequired\":true,\"valueName\":\"search_term_string\"}}],\"inLanguage\":\"fr-FR\"},{\"@type\":\"Organization\",\"@id\":\"https:\/\/www.pharmanova.ch\/fr\/#organization\",\"name\":\"Pharma Nova Global Pharmaceuticals\",\"url\":\"https:\/\/www.pharmanova.ch\/fr\/\",\"logo\":{\"@type\":\"ImageObject\",\"inLanguage\":\"fr-FR\",\"@id\":\"https:\/\/www.pharmanova.ch\/fr\/#\/schema\/logo\/image\/\",\"url\":\"https:\/\/www.pharmanova.ch\/wp-content\/uploads\/2024\/06\/Logo_PHARMA-NOVA.svg\",\"contentUrl\":\"https:\/\/www.pharmanova.ch\/wp-content\/uploads\/2024\/06\/Logo_PHARMA-NOVA.svg\",\"width\":178,\"height\":28,\"caption\":\"Pharma Nova Global Pharmaceuticals\"},\"image\":{\"@id\":\"https:\/\/www.pharmanova.ch\/fr\/#\/schema\/logo\/image\/\"}}]}<\/script>\n<!-- \/ Yoast SEO plugin. -->","yoast_head_json":{"title":"Mentions l\u00e9gales - Pharma Nova Global Pharmaceuticals","robots":{"index":"index","follow":"follow","max-snippet":"max-snippet:-1","max-image-preview":"max-image-preview:large","max-video-preview":"max-video-preview:-1"},"canonical":"https:\/\/www.pharmanova.ch\/fr\/mentions-legales\/","og_locale":"fr_FR","og_type":"article","og_title":"Mentions l\u00e9gales - Pharma Nova Global Pharmaceuticals","og_description":"PHARMA NOVA GmbH Zugerstrasse 76\u2009a CH-6340 Baar T +41 41 51 10-556 F +41 41 51 10-557 info@pharmanova.ch Si\u00e8ge social : Baar Office du registre du commerce : Zoug IDE CHE-112.248.961 Directeur g\u00e9n\u00e9ral : Dr. Peter Capitaine Clause de non-responsabilit\u00e9 : Nous ne pouvons pas garantir que toutes les informations soient \u00e0 tout moment compl\u00e8tes,&hellip;","og_url":"https:\/\/www.pharmanova.ch\/fr\/mentions-legales\/","og_site_name":"Pharma Nova Global Pharmaceuticals","article_modified_time":"2024-07-29T15:12:52+00:00","twitter_card":"summary_large_image","twitter_misc":{"Dur\u00e9e de lecture estim\u00e9e":"1 minute"},"schema":{"@context":"https:\/\/schema.org","@graph":[{"@type":"WebPage","@id":"https:\/\/www.pharmanova.ch\/fr\/mentions-legales\/","url":"https:\/\/www.pharmanova.ch\/fr\/mentions-legales\/","name":"Mentions l\u00e9gales - Pharma Nova Global Pharmaceuticals","isPartOf":{"@id":"https:\/\/www.pharmanova.ch\/fr\/#website"},"datePublished":"2024-06-05T11:41:46+00:00","dateModified":"2024-07-29T15:12:52+00:00","breadcrumb":{"@id":"https:\/\/www.pharmanova.ch\/fr\/mentions-legales\/#breadcrumb"},"inLanguage":"fr-FR","potentialAction":[{"@type":"ReadAction","target":["https:\/\/www.pharmanova.ch\/fr\/mentions-legales\/"]}]},{"@type":"BreadcrumbList","@id":"https:\/\/www.pharmanova.ch\/fr\/mentions-legales\/#breadcrumb","itemListElement":[{"@type":"ListItem","position":1,"name":"Startseite","item":"https:\/\/www.pharmanova.ch\/fr\/"},{"@type":"ListItem","position":2,"name":"Mentions l\u00e9gales"}]},{"@type":"WebSite","@id":"https:\/\/www.pharmanova.ch\/fr\/#website","url":"https:\/\/www.pharmanova.ch\/fr\/","name":"Pharma Nova Global Pharmaceuticals","description":"","publisher":{"@id":"https:\/\/www.pharmanova.ch\/fr\/#organization"},"potentialAction":[{"@type":"SearchAction","target":{"@type":"EntryPoint","urlTemplate":"https:\/\/www.pharmanova.ch\/fr\/?s={search_term_string}"},"query-input":{"@type":"PropertyValueSpecification","valueRequired":true,"valueName":"search_term_string"}}],"inLanguage":"fr-FR"},{"@type":"Organization","@id":"https:\/\/www.pharmanova.ch\/fr\/#organization","name":"Pharma Nova Global Pharmaceuticals","url":"https:\/\/www.pharmanova.ch\/fr\/","logo":{"@type":"ImageObject","inLanguage":"fr-FR","@id":"https:\/\/www.pharmanova.ch\/fr\/#\/schema\/logo\/image\/","url":"https:\/\/www.pharmanova.ch\/wp-content\/uploads\/2024\/06\/Logo_PHARMA-NOVA.svg","contentUrl":"https:\/\/www.pharmanova.ch\/wp-content\/uploads\/2024\/06\/Logo_PHARMA-NOVA.svg","width":178,"height":28,"caption":"Pharma Nova Global Pharmaceuticals"},"image":{"@id":"https:\/\/www.pharmanova.ch\/fr\/#\/schema\/logo\/image\/"}}]}},"_links":{"self":[{"href":"https:\/\/www.pharmanova.ch\/fr\/wp-json\/wp\/v2\/pages\/278","targetHints":{"allow":["GET"]}}],"collection":[{"href":"https:\/\/www.pharmanova.ch\/fr\/wp-json\/wp\/v2\/pages"}],"about":[{"href":"https:\/\/www.pharmanova.ch\/fr\/wp-json\/wp\/v2\/types\/page"}],"author":[{"embeddable":true,"href":"https:\/\/www.pharmanova.ch\/fr\/wp-json\/wp\/v2\/users\/1"}],"replies":[{"embeddable":true,"href":"https:\/\/www.pharmanova.ch\/fr\/wp-json\/wp\/v2\/comments?post=278"}],"version-history":[{"count":5,"href":"https:\/\/www.pharmanova.ch\/fr\/wp-json\/wp\/v2\/pages\/278\/revisions"}],"predecessor-version":[{"id":533,"href":"https:\/\/www.pharmanova.ch\/fr\/wp-json\/wp\/v2\/pages\/278\/revisions\/533"}],"wp:attachment":[{"href":"https:\/\/www.pharmanova.ch\/fr\/wp-json\/wp\/v2\/media?parent=278"}],"curies":[{"name":"wp","href":"https:\/\/api.w.org\/{rel}","templated":true}]}}