{"id":305,"date":"2024-06-05T16:20:45","date_gmt":"2024-06-05T14:20:45","guid":{"rendered":"https:\/\/www.pharmanova.ch\/questions-frequemment-posees\/"},"modified":"2024-07-29T19:20:26","modified_gmt":"2024-07-29T17:20:26","slug":"questions-frequemment-posees","status":"publish","type":"page","link":"https:\/\/www.pharmanova.ch\/fr\/questions-frequemment-posees\/","title":{"rendered":"Questions fr\u00e9quemment pos\u00e9es"},"content":{"rendered":"\n\n\t<strong>Le produit d&rsquo;importation parall\u00e8le et le produit original* sont-ils identiques ?<\/strong><br \/>\nOui, tous les produits d&rsquo;importation parall\u00e8le proviennent du fabricant du produit original.\n<strong>Les produits ont-ils une autorisation de Swissmedic ?<\/strong><br \/>\nOui, l&rsquo;autorisation est accord\u00e9e conform\u00e9ment \u00e0 l&rsquo;article 14, al. 2 et 3 LPTh (importation parall\u00e8le). De plus, les produits d&rsquo;importation parall\u00e8le sont soumis aux m\u00eames lignes directrices GDP (2013\/C 343\/01) que tous les m\u00e9dicaments autoris\u00e9s en Suisse.\n<strong>Les m\u00e9dicaments sont-ils pris en charge par l&rsquo;assurance maladie ?<\/strong><br \/>\nOui. Les produits figurant dans la liste des sp\u00e9cialit\u00e9s sont rembours\u00e9s par l&rsquo;assurance obligatoire des soins (AOS). Les m\u00e9dicaments d&rsquo;importation parall\u00e8le sont nettement moins chers que les produits originaux* correspondants.\n<strong>Les produits d&rsquo;importation parall\u00e8le offrent-ils des avantages par rapport aux produits originaux* ?<\/strong><br \/>\nOui, les produits d&rsquo;importation parall\u00e8le contribuent \u00e0 r\u00e9duire les co\u00fbts du syst\u00e8me de sant\u00e9 suisse. Cela permet non seulement de soulager le syst\u00e8me de sant\u00e9, mais aussi de r\u00e9duire les co\u00fbts pour les patients.\n<p>* Produits originaux, biosimilaires et g\u00e9n\u00e9riques<\/p>\n\n","protected":false},"excerpt":{"rendered":"<p>Le produit d&rsquo;importation parall\u00e8le et le produit original* sont-ils identiques ? Oui, tous les produits d&rsquo;importation parall\u00e8le proviennent du fabricant du produit original. Les produits ont-ils une autorisation de Swissmedic ? Oui, l&rsquo;autorisation est accord\u00e9e conform\u00e9ment \u00e0 l&rsquo;article 14, al. 2 et 3 LPTh (importation parall\u00e8le). De plus, les produits d&rsquo;importation parall\u00e8le sont soumis aux&hellip;<\/p>\n","protected":false},"author":1,"featured_media":0,"parent":0,"menu_order":0,"comment_status":"closed","ping_status":"closed","template":"","meta":{"footnotes":""},"class_list":["post-305","page","type-page","status-publish","hentry"],"yoast_head":"<!-- This site is optimized with the Yoast SEO plugin v24.6 - https:\/\/yoast.com\/wordpress\/plugins\/seo\/ -->\n<title>Questions fr\u00e9quemment pos\u00e9es - Pharma Nova Global Pharmaceuticals<\/title>\n<meta name=\"robots\" content=\"index, follow, max-snippet:-1, max-image-preview:large, max-video-preview:-1\" \/>\n<link rel=\"canonical\" href=\"https:\/\/www.pharmanova.ch\/fr\/questions-frequemment-posees\/\" \/>\n<meta property=\"og:locale\" content=\"fr_FR\" \/>\n<meta property=\"og:type\" content=\"article\" \/>\n<meta property=\"og:title\" content=\"Questions fr\u00e9quemment pos\u00e9es - Pharma Nova Global Pharmaceuticals\" \/>\n<meta property=\"og:description\" content=\"Le produit d&rsquo;importation parall\u00e8le et le produit original* sont-ils identiques ? Oui, tous les produits d&rsquo;importation parall\u00e8le proviennent du fabricant du produit original. Les produits ont-ils une autorisation de Swissmedic ? Oui, l&rsquo;autorisation est accord\u00e9e conform\u00e9ment \u00e0 l&rsquo;article 14, al. 2 et 3 LPTh (importation parall\u00e8le). De plus, les produits d&rsquo;importation parall\u00e8le sont soumis aux&hellip;\" \/>\n<meta property=\"og:url\" content=\"https:\/\/www.pharmanova.ch\/fr\/questions-frequemment-posees\/\" \/>\n<meta property=\"og:site_name\" content=\"Pharma Nova Global Pharmaceuticals\" \/>\n<meta property=\"article:modified_time\" content=\"2024-07-29T17:20:26+00:00\" \/>\n<meta name=\"twitter:card\" content=\"summary_large_image\" \/>\n<meta name=\"twitter:label1\" content=\"Dur\u00e9e de lecture estim\u00e9e\" \/>\n\t<meta name=\"twitter:data1\" content=\"1 minute\" \/>\n<script type=\"application\/ld+json\" class=\"yoast-schema-graph\">{\"@context\":\"https:\/\/schema.org\",\"@graph\":[{\"@type\":\"WebPage\",\"@id\":\"https:\/\/www.pharmanova.ch\/fr\/questions-frequemment-posees\/\",\"url\":\"https:\/\/www.pharmanova.ch\/fr\/questions-frequemment-posees\/\",\"name\":\"Questions fr\u00e9quemment pos\u00e9es - Pharma Nova Global Pharmaceuticals\",\"isPartOf\":{\"@id\":\"https:\/\/www.pharmanova.ch\/fr\/#website\"},\"datePublished\":\"2024-06-05T14:20:45+00:00\",\"dateModified\":\"2024-07-29T17:20:26+00:00\",\"breadcrumb\":{\"@id\":\"https:\/\/www.pharmanova.ch\/fr\/questions-frequemment-posees\/#breadcrumb\"},\"inLanguage\":\"fr-FR\",\"potentialAction\":[{\"@type\":\"ReadAction\",\"target\":[\"https:\/\/www.pharmanova.ch\/fr\/questions-frequemment-posees\/\"]}]},{\"@type\":\"BreadcrumbList\",\"@id\":\"https:\/\/www.pharmanova.ch\/fr\/questions-frequemment-posees\/#breadcrumb\",\"itemListElement\":[{\"@type\":\"ListItem\",\"position\":1,\"name\":\"Startseite\",\"item\":\"https:\/\/www.pharmanova.ch\/fr\/\"},{\"@type\":\"ListItem\",\"position\":2,\"name\":\"Questions fr\u00e9quemment pos\u00e9es\"}]},{\"@type\":\"WebSite\",\"@id\":\"https:\/\/www.pharmanova.ch\/fr\/#website\",\"url\":\"https:\/\/www.pharmanova.ch\/fr\/\",\"name\":\"Pharma Nova Global Pharmaceuticals\",\"description\":\"\",\"publisher\":{\"@id\":\"https:\/\/www.pharmanova.ch\/fr\/#organization\"},\"potentialAction\":[{\"@type\":\"SearchAction\",\"target\":{\"@type\":\"EntryPoint\",\"urlTemplate\":\"https:\/\/www.pharmanova.ch\/fr\/?s={search_term_string}\"},\"query-input\":{\"@type\":\"PropertyValueSpecification\",\"valueRequired\":true,\"valueName\":\"search_term_string\"}}],\"inLanguage\":\"fr-FR\"},{\"@type\":\"Organization\",\"@id\":\"https:\/\/www.pharmanova.ch\/fr\/#organization\",\"name\":\"Pharma Nova Global Pharmaceuticals\",\"url\":\"https:\/\/www.pharmanova.ch\/fr\/\",\"logo\":{\"@type\":\"ImageObject\",\"inLanguage\":\"fr-FR\",\"@id\":\"https:\/\/www.pharmanova.ch\/fr\/#\/schema\/logo\/image\/\",\"url\":\"https:\/\/www.pharmanova.ch\/wp-content\/uploads\/2024\/06\/Logo_PHARMA-NOVA.svg\",\"contentUrl\":\"https:\/\/www.pharmanova.ch\/wp-content\/uploads\/2024\/06\/Logo_PHARMA-NOVA.svg\",\"width\":178,\"height\":28,\"caption\":\"Pharma Nova Global Pharmaceuticals\"},\"image\":{\"@id\":\"https:\/\/www.pharmanova.ch\/fr\/#\/schema\/logo\/image\/\"}}]}<\/script>\n<!-- \/ Yoast SEO plugin. -->","yoast_head_json":{"title":"Questions fr\u00e9quemment pos\u00e9es - Pharma Nova Global Pharmaceuticals","robots":{"index":"index","follow":"follow","max-snippet":"max-snippet:-1","max-image-preview":"max-image-preview:large","max-video-preview":"max-video-preview:-1"},"canonical":"https:\/\/www.pharmanova.ch\/fr\/questions-frequemment-posees\/","og_locale":"fr_FR","og_type":"article","og_title":"Questions fr\u00e9quemment pos\u00e9es - Pharma Nova Global Pharmaceuticals","og_description":"Le produit d&rsquo;importation parall\u00e8le et le produit original* sont-ils identiques ? Oui, tous les produits d&rsquo;importation parall\u00e8le proviennent du fabricant du produit original. Les produits ont-ils une autorisation de Swissmedic ? Oui, l&rsquo;autorisation est accord\u00e9e conform\u00e9ment \u00e0 l&rsquo;article 14, al. 2 et 3 LPTh (importation parall\u00e8le). De plus, les produits d&rsquo;importation parall\u00e8le sont soumis aux&hellip;","og_url":"https:\/\/www.pharmanova.ch\/fr\/questions-frequemment-posees\/","og_site_name":"Pharma Nova Global Pharmaceuticals","article_modified_time":"2024-07-29T17:20:26+00:00","twitter_card":"summary_large_image","twitter_misc":{"Dur\u00e9e de lecture estim\u00e9e":"1 minute"},"schema":{"@context":"https:\/\/schema.org","@graph":[{"@type":"WebPage","@id":"https:\/\/www.pharmanova.ch\/fr\/questions-frequemment-posees\/","url":"https:\/\/www.pharmanova.ch\/fr\/questions-frequemment-posees\/","name":"Questions fr\u00e9quemment pos\u00e9es - Pharma Nova Global Pharmaceuticals","isPartOf":{"@id":"https:\/\/www.pharmanova.ch\/fr\/#website"},"datePublished":"2024-06-05T14:20:45+00:00","dateModified":"2024-07-29T17:20:26+00:00","breadcrumb":{"@id":"https:\/\/www.pharmanova.ch\/fr\/questions-frequemment-posees\/#breadcrumb"},"inLanguage":"fr-FR","potentialAction":[{"@type":"ReadAction","target":["https:\/\/www.pharmanova.ch\/fr\/questions-frequemment-posees\/"]}]},{"@type":"BreadcrumbList","@id":"https:\/\/www.pharmanova.ch\/fr\/questions-frequemment-posees\/#breadcrumb","itemListElement":[{"@type":"ListItem","position":1,"name":"Startseite","item":"https:\/\/www.pharmanova.ch\/fr\/"},{"@type":"ListItem","position":2,"name":"Questions fr\u00e9quemment pos\u00e9es"}]},{"@type":"WebSite","@id":"https:\/\/www.pharmanova.ch\/fr\/#website","url":"https:\/\/www.pharmanova.ch\/fr\/","name":"Pharma Nova Global Pharmaceuticals","description":"","publisher":{"@id":"https:\/\/www.pharmanova.ch\/fr\/#organization"},"potentialAction":[{"@type":"SearchAction","target":{"@type":"EntryPoint","urlTemplate":"https:\/\/www.pharmanova.ch\/fr\/?s={search_term_string}"},"query-input":{"@type":"PropertyValueSpecification","valueRequired":true,"valueName":"search_term_string"}}],"inLanguage":"fr-FR"},{"@type":"Organization","@id":"https:\/\/www.pharmanova.ch\/fr\/#organization","name":"Pharma Nova Global Pharmaceuticals","url":"https:\/\/www.pharmanova.ch\/fr\/","logo":{"@type":"ImageObject","inLanguage":"fr-FR","@id":"https:\/\/www.pharmanova.ch\/fr\/#\/schema\/logo\/image\/","url":"https:\/\/www.pharmanova.ch\/wp-content\/uploads\/2024\/06\/Logo_PHARMA-NOVA.svg","contentUrl":"https:\/\/www.pharmanova.ch\/wp-content\/uploads\/2024\/06\/Logo_PHARMA-NOVA.svg","width":178,"height":28,"caption":"Pharma Nova Global Pharmaceuticals"},"image":{"@id":"https:\/\/www.pharmanova.ch\/fr\/#\/schema\/logo\/image\/"}}]}},"_links":{"self":[{"href":"https:\/\/www.pharmanova.ch\/fr\/wp-json\/wp\/v2\/pages\/305","targetHints":{"allow":["GET"]}}],"collection":[{"href":"https:\/\/www.pharmanova.ch\/fr\/wp-json\/wp\/v2\/pages"}],"about":[{"href":"https:\/\/www.pharmanova.ch\/fr\/wp-json\/wp\/v2\/types\/page"}],"author":[{"embeddable":true,"href":"https:\/\/www.pharmanova.ch\/fr\/wp-json\/wp\/v2\/users\/1"}],"replies":[{"embeddable":true,"href":"https:\/\/www.pharmanova.ch\/fr\/wp-json\/wp\/v2\/comments?post=305"}],"version-history":[{"count":3,"href":"https:\/\/www.pharmanova.ch\/fr\/wp-json\/wp\/v2\/pages\/305\/revisions"}],"predecessor-version":[{"id":535,"href":"https:\/\/www.pharmanova.ch\/fr\/wp-json\/wp\/v2\/pages\/305\/revisions\/535"}],"wp:attachment":[{"href":"https:\/\/www.pharmanova.ch\/fr\/wp-json\/wp\/v2\/media?parent=305"}],"curies":[{"name":"wp","href":"https:\/\/api.w.org\/{rel}","templated":true}]}}