{"id":345,"date":"2024-06-06T20:06:00","date_gmt":"2024-06-06T18:06:00","guid":{"rendered":"https:\/\/www.pharmanova.ch\/?page_id=345"},"modified":"2024-07-29T15:04:21","modified_gmt":"2024-07-29T13:04:21","slug":"produits","status":"publish","type":"page","link":"https:\/\/www.pharmanova.ch\/fr\/produits\/","title":{"rendered":"Produits"},"content":{"rendered":"\n<h1>\n\t\tImportation de m\u00e9dicaments\n\t<\/h1>\n\t<p>Nous importons uniquement des m\u00e9dicaments de l&rsquo;UE qui ne sont plus brevet\u00e9s en Suisse. Ces m\u00e9dicaments contribuent de mani\u00e8re importante \u00e0 combler les lacunes d&rsquo;approvisionnement de notre syst\u00e8me de sant\u00e9. Ce sont toujours de produits originaux*. L&rsquo;importation de m\u00e9dicaments autoris\u00e9s peut g\u00e9n\u00e9rer des avantages en termes de prix, ce qui permet \u00e0 la fois de soulager notre syst\u00e8me de sant\u00e9 et de r\u00e9duire les d\u00e9penses priv\u00e9es du patient.<\/p>\n<p>Actuellement, nous proposons des m\u00e9dicaments d\u00e9j\u00e0 autoris\u00e9s ou en cours d&rsquo;autorisation dans les domaines suivants :<\/p>\n\t\t\t\t\t\t\t<img decoding=\"async\" src=\"https:\/\/www.pharmanova.ch\/wp-content\/uploads\/2024\/06\/Icon_AS_511725907_Immunologie_q.png\" alt=\"Icon_AS_511725907_Immunologie_q\" \/>\n\t\t<p>Immunologie<\/p>\n\t\t\t\t\t\t\t<img decoding=\"async\" src=\"https:\/\/www.pharmanova.ch\/wp-content\/uploads\/2024\/06\/Icon_AS_407422065_Psychiatrie_q.png\" alt=\"Icon_AS_407422065_Psychiatrie_q\" \/>\n\t\t<p>Psychiatrie<\/p>\n\t\t\t\t\t\t\t<img decoding=\"async\" src=\"https:\/\/www.pharmanova.ch\/wp-content\/uploads\/2024\/06\/Icon_AS_415873077_Rheumatologie_v2_q.png\" alt=\"Icon_AS_415873077_Rheumatologie_v2_q\" \/>\n\t\t<p>Rhumatologie<\/p>\n\t\t\t\t\t\t\t<img decoding=\"async\" src=\"https:\/\/www.pharmanova.ch\/wp-content\/uploads\/2024\/06\/Icon_AS_357127105_Virologie_V02_q.png\" alt=\"Icon_AS_357127105_Virologie_V02_q\" \/>\n\t\t<p>Virologie<\/p>\n\t<p>* Produits originaux, biosimilaires et g\u00e9n\u00e9riques<\/p>\n<h2>\n\t\tNos clients\n\t<\/h2>\n\t\t<ul>\n\t\t\t\t\t<li>\n\t\t\t\t\t\t\t\t\t\t\t<img decoding=\"async\" src=\"https:\/\/www.pharmanova.ch\/wp-content\/uploads\/2024\/06\/Icon_AS_690825524_Pharmagrosshandel.png\" alt=\"\" role=\"presentation\" \/>\n\t\t\t\tGrossiste en produits pharmaceutiques\n\t\t\t<\/li>\n\t\t\t\t\t<li>\n\t\t\t\t\t\t\t\t\t\t\t<img decoding=\"async\" src=\"https:\/\/www.pharmanova.ch\/wp-content\/uploads\/2024\/06\/Icon_AS_690825524_Spitaeler.png\" alt=\"\" role=\"presentation\" \/>\n\t\t\t\tH\u00f4pitaux\n\t\t\t<\/li>\n\t\t\t\t\t<li>\n\t\t\t\t\t\t\t\t\t\t\t<img decoding=\"async\" src=\"https:\/\/www.pharmanova.ch\/wp-content\/uploads\/2024\/06\/Icon_AS_690825524_Apotheken.png\" alt=\"\" role=\"presentation\" \/>\n\t\t\t\tPharmacies\n\t\t\t<\/li>\n\t\t\t\t\t<li>\n\t\t\t\t\t\t\t\t\t\t\t<img decoding=\"async\" src=\"https:\/\/www.pharmanova.ch\/wp-content\/uploads\/2024\/06\/Icon_AS_690825524_Aerzte.png\" alt=\"\" role=\"presentation\" \/>\n\t\t\t\tM\u00e9decins\n\t\t\t<\/li>\n\t\t\t\t<\/ul>\n\n","protected":false},"excerpt":{"rendered":"<p>Importation de m\u00e9dicaments Nous importons uniquement des m\u00e9dicaments de l&rsquo;UE qui ne sont plus brevet\u00e9s en Suisse. Ces m\u00e9dicaments contribuent de mani\u00e8re importante \u00e0 combler les lacunes d&rsquo;approvisionnement de notre syst\u00e8me de sant\u00e9. Ce sont toujours de produits originaux*. L&rsquo;importation de m\u00e9dicaments autoris\u00e9s peut g\u00e9n\u00e9rer des avantages en termes de prix, ce qui permet \u00e0&hellip;<\/p>\n","protected":false},"author":1,"featured_media":0,"parent":0,"menu_order":0,"comment_status":"closed","ping_status":"closed","template":"","meta":{"footnotes":""},"class_list":["post-345","page","type-page","status-publish","hentry"],"yoast_head":"<!-- This site is optimized with the Yoast SEO plugin v24.6 - https:\/\/yoast.com\/wordpress\/plugins\/seo\/ -->\n<title>Produits - Pharma Nova Global Pharmaceuticals<\/title>\n<meta name=\"robots\" content=\"index, follow, max-snippet:-1, max-image-preview:large, max-video-preview:-1\" \/>\n<link rel=\"canonical\" href=\"https:\/\/www.pharmanova.ch\/fr\/produits\/\" \/>\n<meta property=\"og:locale\" content=\"fr_FR\" \/>\n<meta property=\"og:type\" content=\"article\" \/>\n<meta property=\"og:title\" content=\"Produits - Pharma Nova Global Pharmaceuticals\" \/>\n<meta property=\"og:description\" content=\"Importation de m\u00e9dicaments Nous importons uniquement des m\u00e9dicaments de l&rsquo;UE qui ne sont plus brevet\u00e9s en Suisse. Ces m\u00e9dicaments contribuent de mani\u00e8re importante \u00e0 combler les lacunes d&rsquo;approvisionnement de notre syst\u00e8me de sant\u00e9. Ce sont toujours de produits originaux*. L&rsquo;importation de m\u00e9dicaments autoris\u00e9s peut g\u00e9n\u00e9rer des avantages en termes de prix, ce qui permet \u00e0&hellip;\" \/>\n<meta property=\"og:url\" content=\"https:\/\/www.pharmanova.ch\/fr\/produits\/\" \/>\n<meta property=\"og:site_name\" content=\"Pharma Nova Global Pharmaceuticals\" \/>\n<meta property=\"article:modified_time\" content=\"2024-07-29T13:04:21+00:00\" \/>\n<meta property=\"og:image\" content=\"https:\/\/www.pharmanova.ch\/wp-content\/uploads\/2024\/06\/Icon_AS_511725907_Immunologie_q.png\" \/>\n<meta name=\"twitter:card\" content=\"summary_large_image\" \/>\n<meta name=\"twitter:label1\" content=\"Dur\u00e9e de lecture estim\u00e9e\" \/>\n\t<meta name=\"twitter:data1\" content=\"3 minutes\" \/>\n<script type=\"application\/ld+json\" class=\"yoast-schema-graph\">{\"@context\":\"https:\/\/schema.org\",\"@graph\":[{\"@type\":\"WebPage\",\"@id\":\"https:\/\/www.pharmanova.ch\/fr\/produits\/\",\"url\":\"https:\/\/www.pharmanova.ch\/fr\/produits\/\",\"name\":\"Produits - Pharma Nova Global Pharmaceuticals\",\"isPartOf\":{\"@id\":\"https:\/\/www.pharmanova.ch\/fr\/#website\"},\"primaryImageOfPage\":{\"@id\":\"https:\/\/www.pharmanova.ch\/fr\/produits\/#primaryimage\"},\"image\":{\"@id\":\"https:\/\/www.pharmanova.ch\/fr\/produits\/#primaryimage\"},\"thumbnailUrl\":\"https:\/\/www.pharmanova.ch\/wp-content\/uploads\/2024\/06\/Icon_AS_511725907_Immunologie_q.png\",\"datePublished\":\"2024-06-06T18:06:00+00:00\",\"dateModified\":\"2024-07-29T13:04:21+00:00\",\"breadcrumb\":{\"@id\":\"https:\/\/www.pharmanova.ch\/fr\/produits\/#breadcrumb\"},\"inLanguage\":\"fr-FR\",\"potentialAction\":[{\"@type\":\"ReadAction\",\"target\":[\"https:\/\/www.pharmanova.ch\/fr\/produits\/\"]}]},{\"@type\":\"ImageObject\",\"inLanguage\":\"fr-FR\",\"@id\":\"https:\/\/www.pharmanova.ch\/fr\/produits\/#primaryimage\",\"url\":\"https:\/\/www.pharmanova.ch\/wp-content\/uploads\/2024\/06\/Icon_AS_511725907_Immunologie_q.png\",\"contentUrl\":\"https:\/\/www.pharmanova.ch\/wp-content\/uploads\/2024\/06\/Icon_AS_511725907_Immunologie_q.png\"},{\"@type\":\"BreadcrumbList\",\"@id\":\"https:\/\/www.pharmanova.ch\/fr\/produits\/#breadcrumb\",\"itemListElement\":[{\"@type\":\"ListItem\",\"position\":1,\"name\":\"Startseite\",\"item\":\"https:\/\/www.pharmanova.ch\/fr\/\"},{\"@type\":\"ListItem\",\"position\":2,\"name\":\"Produits\"}]},{\"@type\":\"WebSite\",\"@id\":\"https:\/\/www.pharmanova.ch\/fr\/#website\",\"url\":\"https:\/\/www.pharmanova.ch\/fr\/\",\"name\":\"Pharma Nova Global Pharmaceuticals\",\"description\":\"\",\"publisher\":{\"@id\":\"https:\/\/www.pharmanova.ch\/fr\/#organization\"},\"potentialAction\":[{\"@type\":\"SearchAction\",\"target\":{\"@type\":\"EntryPoint\",\"urlTemplate\":\"https:\/\/www.pharmanova.ch\/fr\/?s={search_term_string}\"},\"query-input\":{\"@type\":\"PropertyValueSpecification\",\"valueRequired\":true,\"valueName\":\"search_term_string\"}}],\"inLanguage\":\"fr-FR\"},{\"@type\":\"Organization\",\"@id\":\"https:\/\/www.pharmanova.ch\/fr\/#organization\",\"name\":\"Pharma Nova Global Pharmaceuticals\",\"url\":\"https:\/\/www.pharmanova.ch\/fr\/\",\"logo\":{\"@type\":\"ImageObject\",\"inLanguage\":\"fr-FR\",\"@id\":\"https:\/\/www.pharmanova.ch\/fr\/#\/schema\/logo\/image\/\",\"url\":\"https:\/\/www.pharmanova.ch\/wp-content\/uploads\/2024\/06\/Logo_PHARMA-NOVA.svg\",\"contentUrl\":\"https:\/\/www.pharmanova.ch\/wp-content\/uploads\/2024\/06\/Logo_PHARMA-NOVA.svg\",\"width\":178,\"height\":28,\"caption\":\"Pharma Nova Global Pharmaceuticals\"},\"image\":{\"@id\":\"https:\/\/www.pharmanova.ch\/fr\/#\/schema\/logo\/image\/\"}}]}<\/script>\n<!-- \/ Yoast SEO plugin. -->","yoast_head_json":{"title":"Produits - Pharma Nova Global Pharmaceuticals","robots":{"index":"index","follow":"follow","max-snippet":"max-snippet:-1","max-image-preview":"max-image-preview:large","max-video-preview":"max-video-preview:-1"},"canonical":"https:\/\/www.pharmanova.ch\/fr\/produits\/","og_locale":"fr_FR","og_type":"article","og_title":"Produits - Pharma Nova Global Pharmaceuticals","og_description":"Importation de m\u00e9dicaments Nous importons uniquement des m\u00e9dicaments de l&rsquo;UE qui ne sont plus brevet\u00e9s en Suisse. Ces m\u00e9dicaments contribuent de mani\u00e8re importante \u00e0 combler les lacunes d&rsquo;approvisionnement de notre syst\u00e8me de sant\u00e9. Ce sont toujours de produits originaux*. L&rsquo;importation de m\u00e9dicaments autoris\u00e9s peut g\u00e9n\u00e9rer des avantages en termes de prix, ce qui permet \u00e0&hellip;","og_url":"https:\/\/www.pharmanova.ch\/fr\/produits\/","og_site_name":"Pharma Nova Global Pharmaceuticals","article_modified_time":"2024-07-29T13:04:21+00:00","og_image":[{"url":"https:\/\/www.pharmanova.ch\/wp-content\/uploads\/2024\/06\/Icon_AS_511725907_Immunologie_q.png","type":"","width":"","height":""}],"twitter_card":"summary_large_image","twitter_misc":{"Dur\u00e9e de lecture estim\u00e9e":"3 minutes"},"schema":{"@context":"https:\/\/schema.org","@graph":[{"@type":"WebPage","@id":"https:\/\/www.pharmanova.ch\/fr\/produits\/","url":"https:\/\/www.pharmanova.ch\/fr\/produits\/","name":"Produits - Pharma Nova Global Pharmaceuticals","isPartOf":{"@id":"https:\/\/www.pharmanova.ch\/fr\/#website"},"primaryImageOfPage":{"@id":"https:\/\/www.pharmanova.ch\/fr\/produits\/#primaryimage"},"image":{"@id":"https:\/\/www.pharmanova.ch\/fr\/produits\/#primaryimage"},"thumbnailUrl":"https:\/\/www.pharmanova.ch\/wp-content\/uploads\/2024\/06\/Icon_AS_511725907_Immunologie_q.png","datePublished":"2024-06-06T18:06:00+00:00","dateModified":"2024-07-29T13:04:21+00:00","breadcrumb":{"@id":"https:\/\/www.pharmanova.ch\/fr\/produits\/#breadcrumb"},"inLanguage":"fr-FR","potentialAction":[{"@type":"ReadAction","target":["https:\/\/www.pharmanova.ch\/fr\/produits\/"]}]},{"@type":"ImageObject","inLanguage":"fr-FR","@id":"https:\/\/www.pharmanova.ch\/fr\/produits\/#primaryimage","url":"https:\/\/www.pharmanova.ch\/wp-content\/uploads\/2024\/06\/Icon_AS_511725907_Immunologie_q.png","contentUrl":"https:\/\/www.pharmanova.ch\/wp-content\/uploads\/2024\/06\/Icon_AS_511725907_Immunologie_q.png"},{"@type":"BreadcrumbList","@id":"https:\/\/www.pharmanova.ch\/fr\/produits\/#breadcrumb","itemListElement":[{"@type":"ListItem","position":1,"name":"Startseite","item":"https:\/\/www.pharmanova.ch\/fr\/"},{"@type":"ListItem","position":2,"name":"Produits"}]},{"@type":"WebSite","@id":"https:\/\/www.pharmanova.ch\/fr\/#website","url":"https:\/\/www.pharmanova.ch\/fr\/","name":"Pharma Nova Global Pharmaceuticals","description":"","publisher":{"@id":"https:\/\/www.pharmanova.ch\/fr\/#organization"},"potentialAction":[{"@type":"SearchAction","target":{"@type":"EntryPoint","urlTemplate":"https:\/\/www.pharmanova.ch\/fr\/?s={search_term_string}"},"query-input":{"@type":"PropertyValueSpecification","valueRequired":true,"valueName":"search_term_string"}}],"inLanguage":"fr-FR"},{"@type":"Organization","@id":"https:\/\/www.pharmanova.ch\/fr\/#organization","name":"Pharma Nova Global Pharmaceuticals","url":"https:\/\/www.pharmanova.ch\/fr\/","logo":{"@type":"ImageObject","inLanguage":"fr-FR","@id":"https:\/\/www.pharmanova.ch\/fr\/#\/schema\/logo\/image\/","url":"https:\/\/www.pharmanova.ch\/wp-content\/uploads\/2024\/06\/Logo_PHARMA-NOVA.svg","contentUrl":"https:\/\/www.pharmanova.ch\/wp-content\/uploads\/2024\/06\/Logo_PHARMA-NOVA.svg","width":178,"height":28,"caption":"Pharma Nova Global Pharmaceuticals"},"image":{"@id":"https:\/\/www.pharmanova.ch\/fr\/#\/schema\/logo\/image\/"}}]}},"_links":{"self":[{"href":"https:\/\/www.pharmanova.ch\/fr\/wp-json\/wp\/v2\/pages\/345","targetHints":{"allow":["GET"]}}],"collection":[{"href":"https:\/\/www.pharmanova.ch\/fr\/wp-json\/wp\/v2\/pages"}],"about":[{"href":"https:\/\/www.pharmanova.ch\/fr\/wp-json\/wp\/v2\/types\/page"}],"author":[{"embeddable":true,"href":"https:\/\/www.pharmanova.ch\/fr\/wp-json\/wp\/v2\/users\/1"}],"replies":[{"embeddable":true,"href":"https:\/\/www.pharmanova.ch\/fr\/wp-json\/wp\/v2\/comments?post=345"}],"version-history":[{"count":6,"href":"https:\/\/www.pharmanova.ch\/fr\/wp-json\/wp\/v2\/pages\/345\/revisions"}],"predecessor-version":[{"id":524,"href":"https:\/\/www.pharmanova.ch\/fr\/wp-json\/wp\/v2\/pages\/345\/revisions\/524"}],"wp:attachment":[{"href":"https:\/\/www.pharmanova.ch\/fr\/wp-json\/wp\/v2\/media?parent=345"}],"curies":[{"name":"wp","href":"https:\/\/api.w.org\/{rel}","templated":true}]}}