{"id":375,"date":"2024-06-06T16:11:14","date_gmt":"2024-06-06T14:11:14","guid":{"rendered":"https:\/\/www.pharmanova.ch\/?page_id=375"},"modified":"2024-07-30T10:37:57","modified_gmt":"2024-07-30T08:37:57","slug":"page-daccueil","status":"publish","type":"page","link":"https:\/\/www.pharmanova.ch\/fr\/","title":{"rendered":"Page d&rsquo;accueil"},"content":{"rendered":"\n<h1>\n\t\tImportation parall\u00e8le de m\u00e9dicaments de l&rsquo;UE\n\t<\/h1>\n\t<p>ORIGINAL\u00a0 |\u00a0 ABORDABLE\u00a0 |\u00a0 AUTORIS\u00c9<\/p>\n<h1>\n\t\tNotre entreprise\n\t<\/h1>\n\t<p>En tant que grossiste pharmaceutique suisse, nous distribuons des m\u00e9dicaments \u00e0 des conditions int\u00e9ressantes. Nous distribuons seulement des produits originaux* qui ont \u00e9t\u00e9 fabriqu\u00e9s dans l&rsquo;UE et autoris\u00e9s par Swissmedic. Nous sommes garants d&rsquo;une qualit\u00e9 et d&rsquo;une s\u00e9curit\u00e9 maximales.<\/p>\n<h2>\n\t\tNotre motivation\n\t<\/h2>\n\t<strong>Que faisons-nous exactement ?<\/strong><br \/>\nNous importons et distribuons uniquement des produits originaux* provenant d&rsquo;autres pays de l&rsquo;UE et autoris\u00e9s par Swissmedic.\n<strong>Comment assurons-nous la qualit\u00e9 ?<\/strong><br \/>\nEn respectant les normes de qualit\u00e9 pharmaceutique les plus strictes en mati\u00e8re de production et de logistique, nous garantissons une disponibilit\u00e9 permanente et une qualit\u00e9 \u00e9lev\u00e9e et constante des m\u00e9dicaments propos\u00e9s.\n<strong>Pourquoi pratiquons-nous l&rsquo;importation parall\u00e8le ?<\/strong><br \/>\nNous sommes convaincus que chaque patient en Suisse a droit au meilleur traitement possible \u00e0 un prix abordable. C&rsquo;est pourquoi nous souhaitons contribuer \u00e0 la r\u00e9duction des co\u00fbts de la sant\u00e9 en Suisse.\n\t<h2>Analyse du march\u00e9<\/h2>\n<ul>\n<li>Nous vous aidons \u00e0 identifier les m\u00e9dicaments dont vous avez besoin.<\/li>\n<li>Pour ces m\u00e9dicaments, nous comparons ensuite les prix et la disponibilit\u00e9 des produits originaux* dans l&rsquo;UE \u00e0 l&rsquo;aide de nos syst\u00e8mes informatiques.<\/li>\n<\/ul>\n\t<h2>Swissmedic | Autorisation de mise sur le march\u00e9<\/h2>\n<ul>\n<li>Si les m\u00e9dicaments souhait\u00e9s n&rsquo;ont pas encore \u00e9t\u00e9 autoris\u00e9s, nous d\u00e9posons une demande d&rsquo;autorisation aupr\u00e8s de Swissmedic. Cette proc\u00e9dure peut durer jusqu&rsquo;\u00e0 12 mois.<\/li>\n<li>Une fois l&rsquo;examen r\u00e9ussi, nous obtenons l&rsquo;autorisation d&rsquo;importation parall\u00e8le en Suisse.<\/li>\n<\/ul>\n\t<h2>OFSP | Liste des sp\u00e9cialit\u00e9s<\/h2>\n<ul>\n<li>Nous demandons \u00e0 l&rsquo;Office f\u00e9d\u00e9ral de la sant\u00e9 publique d&rsquo;\u00eatre inscrits sur la liste des sp\u00e9cialit\u00e9s (SL). Cette liste contient tous les produits originaux* rembours\u00e9s par l&rsquo;assurance obligatoire des soins (AOS) ainsi que leurs importations parall\u00e8les.<\/li>\n<\/ul>\n\t<h2>Produits originaux*<\/h2>\n<ul>\n<li>D\u00e8s que Swissmedic a d\u00e9livr\u00e9 les autorisations de mise sur le march\u00e9, notre soci\u00e9t\u00e9 s\u0153ur INOPHA GmbH ach\u00e8te les m\u00e9dicaments aupr\u00e8s de fournisseurs europ\u00e9ens qualifi\u00e9s et les stocke \u00e0 temp\u00e9rature contr\u00f4l\u00e9e apr\u00e8s un contr\u00f4le d&rsquo;entr\u00e9e.<\/li>\n<li>Ensuite, INOPHA GmbH conditionne les m\u00e9dicaments pour le march\u00e9 suisse conform\u00e9ment aux sp\u00e9cifications de Swissmedic et les soumet \u00e0 plusieurs \u00e9tapes de contr\u00f4le de la qualit\u00e9 lors du reconditionnement. Toutes les \u00e9tapes sont toujours conformes aux BPF (\u00ab bonnes pratiques de fabrication \u00bb).<\/li>\n<li>Apr\u00e8s l&rsquo;inspection finale par la personne qualifi\u00e9e d&rsquo;INOPHA GmbH, les produits sont transport\u00e9s vers le centre de stockage provisoire suisse sous temp\u00e9rature contr\u00f4l\u00e9e.<\/li>\n<\/ul>\n\t<h2>Vente en Suisse<\/h2>\n<ul>\n<li>Apr\u00e8s l&rsquo;autorisation pour le march\u00e9 suisse par notre responsable technique, les m\u00e9dicaments sont stock\u00e9s dans notre entrep\u00f4t pharmaceutique suisse.<\/li>\n<li>C&rsquo;est de l\u00e0 que nous les livrons \u00e0 nos clients.<\/li>\n<li>Nous respectons toujours les bonnes pratiques de distribution (BPD).<\/li>\n<\/ul>\n\t<p>* Produits originaux, biosimilaires et g\u00e9n\u00e9riques<\/p>\n\n","protected":false},"excerpt":{"rendered":"<p>Importation parall\u00e8le de m\u00e9dicaments de l&rsquo;UE ORIGINAL\u00a0 |\u00a0 ABORDABLE\u00a0 |\u00a0 AUTORIS\u00c9 Notre entreprise En tant que grossiste pharmaceutique suisse, nous distribuons des m\u00e9dicaments \u00e0 des conditions int\u00e9ressantes. Nous distribuons seulement des produits originaux* qui ont \u00e9t\u00e9 fabriqu\u00e9s dans l&rsquo;UE et autoris\u00e9s par Swissmedic. Nous sommes garants d&rsquo;une qualit\u00e9 et d&rsquo;une s\u00e9curit\u00e9 maximales. Notre motivation Que&hellip;<\/p>\n","protected":false},"author":1,"featured_media":0,"parent":0,"menu_order":0,"comment_status":"closed","ping_status":"closed","template":"","meta":{"footnotes":""},"class_list":["post-375","page","type-page","status-publish","hentry"],"yoast_head":"<!-- This site is optimized with the Yoast SEO plugin v24.6 - https:\/\/yoast.com\/wordpress\/plugins\/seo\/ -->\n<title>Page d&#039;accueil - Pharma Nova Global Pharmaceuticals<\/title>\n<meta name=\"robots\" content=\"index, follow, max-snippet:-1, max-image-preview:large, max-video-preview:-1\" \/>\n<link rel=\"canonical\" href=\"https:\/\/www.pharmanova.ch\/fr\/\" \/>\n<meta property=\"og:locale\" content=\"fr_FR\" \/>\n<meta property=\"og:type\" content=\"article\" \/>\n<meta property=\"og:title\" content=\"Page d&#039;accueil - Pharma Nova Global Pharmaceuticals\" \/>\n<meta property=\"og:description\" content=\"Importation parall\u00e8le de m\u00e9dicaments de l&rsquo;UE ORIGINAL\u00a0 |\u00a0 ABORDABLE\u00a0 |\u00a0 AUTORIS\u00c9 Notre entreprise En tant que grossiste pharmaceutique suisse, nous distribuons des m\u00e9dicaments \u00e0 des conditions int\u00e9ressantes. Nous distribuons seulement des produits originaux* qui ont \u00e9t\u00e9 fabriqu\u00e9s dans l&rsquo;UE et autoris\u00e9s par Swissmedic. Nous sommes garants d&rsquo;une qualit\u00e9 et d&rsquo;une s\u00e9curit\u00e9 maximales. Notre motivation Que&hellip;\" \/>\n<meta property=\"og:url\" content=\"https:\/\/www.pharmanova.ch\/fr\/\" \/>\n<meta property=\"og:site_name\" content=\"Pharma Nova Global Pharmaceuticals\" \/>\n<meta property=\"article:modified_time\" content=\"2024-07-30T08:37:57+00:00\" \/>\n<meta name=\"twitter:card\" content=\"summary_large_image\" \/>\n<script type=\"application\/ld+json\" class=\"yoast-schema-graph\">{\"@context\":\"https:\/\/schema.org\",\"@graph\":[{\"@type\":\"WebPage\",\"@id\":\"https:\/\/www.pharmanova.ch\/fr\/\",\"url\":\"https:\/\/www.pharmanova.ch\/fr\/\",\"name\":\"Page d'accueil - Pharma Nova Global Pharmaceuticals\",\"isPartOf\":{\"@id\":\"https:\/\/www.pharmanova.ch\/fr\/#website\"},\"datePublished\":\"2024-06-06T14:11:14+00:00\",\"dateModified\":\"2024-07-30T08:37:57+00:00\",\"breadcrumb\":{\"@id\":\"https:\/\/www.pharmanova.ch\/fr\/#breadcrumb\"},\"inLanguage\":\"fr-FR\",\"potentialAction\":[{\"@type\":\"ReadAction\",\"target\":[\"https:\/\/www.pharmanova.ch\/fr\/\"]}]},{\"@type\":\"BreadcrumbList\",\"@id\":\"https:\/\/www.pharmanova.ch\/fr\/#breadcrumb\",\"itemListElement\":[{\"@type\":\"ListItem\",\"position\":1,\"name\":\"Startseite\",\"item\":\"https:\/\/www.pharmanova.ch\/fr\/\"},{\"@type\":\"ListItem\",\"position\":2,\"name\":\"Page d&rsquo;accueil\"}]},{\"@type\":\"WebSite\",\"@id\":\"https:\/\/www.pharmanova.ch\/fr\/#website\",\"url\":\"https:\/\/www.pharmanova.ch\/fr\/\",\"name\":\"Pharma Nova Global Pharmaceuticals\",\"description\":\"\",\"publisher\":{\"@id\":\"https:\/\/www.pharmanova.ch\/fr\/#organization\"},\"potentialAction\":[{\"@type\":\"SearchAction\",\"target\":{\"@type\":\"EntryPoint\",\"urlTemplate\":\"https:\/\/www.pharmanova.ch\/fr\/?s={search_term_string}\"},\"query-input\":{\"@type\":\"PropertyValueSpecification\",\"valueRequired\":true,\"valueName\":\"search_term_string\"}}],\"inLanguage\":\"fr-FR\"},{\"@type\":\"Organization\",\"@id\":\"https:\/\/www.pharmanova.ch\/fr\/#organization\",\"name\":\"Pharma Nova Global Pharmaceuticals\",\"url\":\"https:\/\/www.pharmanova.ch\/fr\/\",\"logo\":{\"@type\":\"ImageObject\",\"inLanguage\":\"fr-FR\",\"@id\":\"https:\/\/www.pharmanova.ch\/fr\/#\/schema\/logo\/image\/\",\"url\":\"https:\/\/www.pharmanova.ch\/wp-content\/uploads\/2024\/06\/Logo_PHARMA-NOVA.svg\",\"contentUrl\":\"https:\/\/www.pharmanova.ch\/wp-content\/uploads\/2024\/06\/Logo_PHARMA-NOVA.svg\",\"width\":178,\"height\":28,\"caption\":\"Pharma Nova Global Pharmaceuticals\"},\"image\":{\"@id\":\"https:\/\/www.pharmanova.ch\/fr\/#\/schema\/logo\/image\/\"}}]}<\/script>\n<!-- \/ Yoast SEO plugin. -->","yoast_head_json":{"title":"Page d'accueil - Pharma Nova Global Pharmaceuticals","robots":{"index":"index","follow":"follow","max-snippet":"max-snippet:-1","max-image-preview":"max-image-preview:large","max-video-preview":"max-video-preview:-1"},"canonical":"https:\/\/www.pharmanova.ch\/fr\/","og_locale":"fr_FR","og_type":"article","og_title":"Page d'accueil - Pharma Nova Global Pharmaceuticals","og_description":"Importation parall\u00e8le de m\u00e9dicaments de l&rsquo;UE ORIGINAL\u00a0 |\u00a0 ABORDABLE\u00a0 |\u00a0 AUTORIS\u00c9 Notre entreprise En tant que grossiste pharmaceutique suisse, nous distribuons des m\u00e9dicaments \u00e0 des conditions int\u00e9ressantes. Nous distribuons seulement des produits originaux* qui ont \u00e9t\u00e9 fabriqu\u00e9s dans l&rsquo;UE et autoris\u00e9s par Swissmedic. Nous sommes garants d&rsquo;une qualit\u00e9 et d&rsquo;une s\u00e9curit\u00e9 maximales. Notre motivation Que&hellip;","og_url":"https:\/\/www.pharmanova.ch\/fr\/","og_site_name":"Pharma Nova Global Pharmaceuticals","article_modified_time":"2024-07-30T08:37:57+00:00","twitter_card":"summary_large_image","schema":{"@context":"https:\/\/schema.org","@graph":[{"@type":"WebPage","@id":"https:\/\/www.pharmanova.ch\/fr\/","url":"https:\/\/www.pharmanova.ch\/fr\/","name":"Page d'accueil - Pharma Nova Global Pharmaceuticals","isPartOf":{"@id":"https:\/\/www.pharmanova.ch\/fr\/#website"},"datePublished":"2024-06-06T14:11:14+00:00","dateModified":"2024-07-30T08:37:57+00:00","breadcrumb":{"@id":"https:\/\/www.pharmanova.ch\/fr\/#breadcrumb"},"inLanguage":"fr-FR","potentialAction":[{"@type":"ReadAction","target":["https:\/\/www.pharmanova.ch\/fr\/"]}]},{"@type":"BreadcrumbList","@id":"https:\/\/www.pharmanova.ch\/fr\/#breadcrumb","itemListElement":[{"@type":"ListItem","position":1,"name":"Startseite","item":"https:\/\/www.pharmanova.ch\/fr\/"},{"@type":"ListItem","position":2,"name":"Page d&rsquo;accueil"}]},{"@type":"WebSite","@id":"https:\/\/www.pharmanova.ch\/fr\/#website","url":"https:\/\/www.pharmanova.ch\/fr\/","name":"Pharma Nova Global Pharmaceuticals","description":"","publisher":{"@id":"https:\/\/www.pharmanova.ch\/fr\/#organization"},"potentialAction":[{"@type":"SearchAction","target":{"@type":"EntryPoint","urlTemplate":"https:\/\/www.pharmanova.ch\/fr\/?s={search_term_string}"},"query-input":{"@type":"PropertyValueSpecification","valueRequired":true,"valueName":"search_term_string"}}],"inLanguage":"fr-FR"},{"@type":"Organization","@id":"https:\/\/www.pharmanova.ch\/fr\/#organization","name":"Pharma Nova Global Pharmaceuticals","url":"https:\/\/www.pharmanova.ch\/fr\/","logo":{"@type":"ImageObject","inLanguage":"fr-FR","@id":"https:\/\/www.pharmanova.ch\/fr\/#\/schema\/logo\/image\/","url":"https:\/\/www.pharmanova.ch\/wp-content\/uploads\/2024\/06\/Logo_PHARMA-NOVA.svg","contentUrl":"https:\/\/www.pharmanova.ch\/wp-content\/uploads\/2024\/06\/Logo_PHARMA-NOVA.svg","width":178,"height":28,"caption":"Pharma Nova Global Pharmaceuticals"},"image":{"@id":"https:\/\/www.pharmanova.ch\/fr\/#\/schema\/logo\/image\/"}}]}},"_links":{"self":[{"href":"https:\/\/www.pharmanova.ch\/fr\/wp-json\/wp\/v2\/pages\/375","targetHints":{"allow":["GET"]}}],"collection":[{"href":"https:\/\/www.pharmanova.ch\/fr\/wp-json\/wp\/v2\/pages"}],"about":[{"href":"https:\/\/www.pharmanova.ch\/fr\/wp-json\/wp\/v2\/types\/page"}],"author":[{"embeddable":true,"href":"https:\/\/www.pharmanova.ch\/fr\/wp-json\/wp\/v2\/users\/1"}],"replies":[{"embeddable":true,"href":"https:\/\/www.pharmanova.ch\/fr\/wp-json\/wp\/v2\/comments?post=375"}],"version-history":[{"count":13,"href":"https:\/\/www.pharmanova.ch\/fr\/wp-json\/wp\/v2\/pages\/375\/revisions"}],"predecessor-version":[{"id":547,"href":"https:\/\/www.pharmanova.ch\/fr\/wp-json\/wp\/v2\/pages\/375\/revisions\/547"}],"wp:attachment":[{"href":"https:\/\/www.pharmanova.ch\/fr\/wp-json\/wp\/v2\/media?parent=375"}],"curies":[{"name":"wp","href":"https:\/\/api.w.org\/{rel}","templated":true}]}}